{"id":797,"date":"2026-01-19T16:21:33","date_gmt":"2026-01-19T16:21:33","guid":{"rendered":"https:\/\/upominkowo.org\/?post_type=product&#038;p=797"},"modified":"2026-02-20T04:41:41","modified_gmt":"2026-02-20T04:41:41","slug":"worek-plecak-z-ciagnikiem-john-deere","status":"publish","type":"product","link":"https:\/\/upominkowo.org\/?product=worek-plecak-z-ciagnikiem-john-deere","title":{"rendered":"Worek Plecak z ci\u0105gnikiem John Deere"},"content":{"rendered":"","protected":false},"excerpt":{"rendered":"<div class=\"mpof_ki myre_zn myre_8v_l m389_6m_l\">\n<div class=\"mp4t_16_s mryx_16_s mr3m_1 mli2_1 mh85_56 mh85_0_l\">\n<div class=\"mgn2_16 _0d3bd_am0a-\">\n<ul>\n<li>\n<h3 data-start=\"67\" data-end=\"119\">\ud83c\udf92 BIA\u0141Y WOREK SPORTOWY Z NADRUKIEM \u2013 34 \u00d7 41 CM<\/h3>\n<p data-start=\"121\" data-end=\"279\">Stylowy i praktyczny <strong data-start=\"142\" data-end=\"166\">bia\u0142y worek sportowy<\/strong> z trwa\u0142ym nadrukiem (zdj\u0119ciem). Idealny na co dzie\u0144, do szko\u0142y, na trening, spacery lub jako oryginalny prezent.<\/p>\n<h4 data-start=\"281\" data-end=\"303\">\u2705 Cechy produktu:<\/h4>\n<ul data-start=\"304\" data-end=\"529\">\n<li data-start=\"304\" data-end=\"357\">\n<p data-start=\"306\" data-end=\"357\"><strong data-start=\"306\" data-end=\"323\">Trwa\u0142y nadruk<\/strong> \u2013 wyra\u017any, odporny na \u015bcieranie<\/p>\n<\/li>\n<li data-start=\"358\" data-end=\"378\">\n<p data-start=\"360\" data-end=\"378\"><strong data-start=\"360\" data-end=\"370\">Kolor:<\/strong> bia\u0142y<\/p>\n<\/li>\n<li data-start=\"379\" data-end=\"419\">\n<p data-start=\"381\" data-end=\"419\"><strong data-start=\"381\" data-end=\"393\">Sznurki:<\/strong> czarne, mocne i wygodne<\/p>\n<\/li>\n<li data-start=\"420\" data-end=\"453\">\n<p data-start=\"422\" data-end=\"453\"><strong data-start=\"422\" data-end=\"440\">Wymiary worka:<\/strong> 34 \u00d7 41 cm<\/p>\n<\/li>\n<li data-start=\"454\" data-end=\"489\">\n<p data-start=\"456\" data-end=\"489\"><strong data-start=\"456\" data-end=\"477\">D\u0142ugo\u015b\u0107 sznurk\u00f3w:<\/strong> ok. 45 cm<\/p>\n<\/li>\n<li data-start=\"490\" data-end=\"529\">\n<p data-start=\"492\" data-end=\"529\">Lekki, pojemny i wygodny w noszeniu<\/p>\n<\/li>\n<\/ul>\n<h4 data-start=\"531\" data-end=\"552\">\ud83c\udf81 Zastosowanie:<\/h4>\n<ul data-start=\"553\" data-end=\"680\">\n<li data-start=\"553\" data-end=\"581\">\n<p data-start=\"555\" data-end=\"581\">worek sportowy \/ szkolny<\/p>\n<\/li>\n<li data-start=\"582\" data-end=\"615\">\n<p data-start=\"584\" data-end=\"615\">plecak na wycieczki i spacery<\/p>\n<\/li>\n<li data-start=\"616\" data-end=\"650\">\n<p data-start=\"618\" data-end=\"650\">praktyczny dodatek na co dzie\u0144<\/p>\n<\/li>\n<li data-start=\"651\" data-end=\"680\">\n<p data-start=\"653\" data-end=\"680\">\u015bwietny pomys\u0142 na prezent<\/p>\n<\/li>\n<\/ul>\n<p data-start=\"682\" data-end=\"748\">\ud83d\udccc <strong data-start=\"685\" data-end=\"695\">Uwaga:<\/strong> nadruk wykonywany jest z du\u017c\u0105 dba\u0142o\u015bci\u0105 o szczeg\u00f3\u0142y.<\/p>\n<\/li>\n<li><\/li>\n<\/ul>\n<\/div>\n<\/div>\n<\/div>\n","protected":false},"featured_media":889,"comment_status":"open","ping_status":"closed","template":"","meta":{"saved_in_kubio":false,"_kadence_starter_templates_imported_post":false},"product_brand":[],"product_cat":[26],"product_tag":[],"class_list":{"0":"post-797","1":"product","2":"type-product","3":"status-publish","4":"has-post-thumbnail","6":"product_cat-worek-sportowy-plecak","8":"first","9":"instock","10":"shipping-taxable","11":"purchasable","12":"product-type-simple"},"jetpack_sharing_enabled":true,"_links":{"self":[{"href":"https:\/\/upominkowo.org\/index.php?rest_route=\/wp\/v2\/product\/797","targetHints":{"allow":["GET"]}}],"collection":[{"href":"https:\/\/upominkowo.org\/index.php?rest_route=\/wp\/v2\/product"}],"about":[{"href":"https:\/\/upominkowo.org\/index.php?rest_route=\/wp\/v2\/types\/product"}],"replies":[{"embeddable":true,"href":"https:\/\/upominkowo.org\/index.php?rest_route=%2Fwp%2Fv2%2Fcomments&post=797"}],"version-history":[{"count":3,"href":"https:\/\/upominkowo.org\/index.php?rest_route=\/wp\/v2\/product\/797\/revisions"}],"predecessor-version":[{"id":808,"href":"https:\/\/upominkowo.org\/index.php?rest_route=\/wp\/v2\/product\/797\/revisions\/808"}],"wp:featuredmedia":[{"embeddable":true,"href":"https:\/\/upominkowo.org\/index.php?rest_route=\/wp\/v2\/media\/889"}],"wp:attachment":[{"href":"https:\/\/upominkowo.org\/index.php?rest_route=%2Fwp%2Fv2%2Fmedia&parent=797"}],"wp:term":[{"taxonomy":"product_brand","embeddable":true,"href":"https:\/\/upominkowo.org\/index.php?rest_route=%2Fwp%2Fv2%2Fproduct_brand&post=797"},{"taxonomy":"product_cat","embeddable":true,"href":"https:\/\/upominkowo.org\/index.php?rest_route=%2Fwp%2Fv2%2Fproduct_cat&post=797"},{"taxonomy":"product_tag","embeddable":true,"href":"https:\/\/upominkowo.org\/index.php?rest_route=%2Fwp%2Fv2%2Fproduct_tag&post=797"}],"curies":[{"name":"wp","href":"https:\/\/api.w.org\/{rel}","templated":true}]}}