{"id":255,"date":"2026-01-14T20:30:15","date_gmt":"2026-01-14T20:30:15","guid":{"rendered":"https:\/\/upominkowo.org\/?post_type=product&#038;p=255"},"modified":"2026-02-20T04:40:12","modified_gmt":"2026-02-20T04:40:12","slug":"puzzle-z-psami-shih-tzu-70-elementow","status":"publish","type":"product","link":"https:\/\/upominkowo.org\/?product=puzzle-z-psami-shih-tzu-70-elementow","title":{"rendered":"Puzzle z psami Shih tzu 70 element\u00f3w"},"content":{"rendered":"","protected":false},"excerpt":{"rendered":"<h3 data-start=\"156\" data-end=\"203\">\ud83e\udde9 Puzzle 70 element\u00f3w \u2013 idealne na prezent<\/h3>\n<p data-start=\"205\" data-end=\"415\">Oferujemy <strong data-start=\"215\" data-end=\"255\">puzzle sk\u0142adaj\u0105ce si\u0119 z 70 element\u00f3w<\/strong>, kt\u00f3re po u\u0142o\u017ceniu tworz\u0105 estetyczny obraz o wymiarach <strong data-start=\"311\" data-end=\"325\">28 \u00d7 19 cm<\/strong>. To doskona\u0142y wyb\u00f3r zar\u00f3wno dla dzieci, jak i doros\u0142ych \u2013 \u015bwietna forma relaksu i zabawy.<\/p>\n<p data-start=\"417\" data-end=\"557\">W zestawie znajduje si\u0119 <strong data-start=\"441\" data-end=\"463\">dedykowane pude\u0142ko<\/strong>, kt\u00f3re u\u0142atwia przechowywanie puzzli oraz sprawia, \u017ce produkt idealnie nadaje si\u0119 na prezent.<\/p>\n<p data-start=\"559\" data-end=\"596\">\ud83d\udce6 <strong data-start=\"562\" data-end=\"596\">Wa\u017cne informacje o opakowaniu:<\/strong><\/p>\n<ul data-start=\"597\" data-end=\"726\">\n<li data-start=\"597\" data-end=\"644\">\n<p data-start=\"599\" data-end=\"644\">Pude\u0142ko wysy\u0142ane jest <strong data-start=\"621\" data-end=\"644\">w formie roz\u0142o\u017conej<\/strong><\/p>\n<\/li>\n<li data-start=\"645\" data-end=\"675\">\n<p data-start=\"647\" data-end=\"675\"><strong data-start=\"647\" data-end=\"675\">Bardzo \u0142atwe do z\u0142o\u017cenia<\/strong><\/p>\n<\/li>\n<li data-start=\"676\" data-end=\"726\">\n<p data-start=\"678\" data-end=\"726\"><strong data-start=\"678\" data-end=\"726\">Nie wymaga klejenia ani dodatkowych narz\u0119dzi<\/strong><\/p>\n<\/li>\n<\/ul>\n<hr data-start=\"728\" data-end=\"731\" \/>\n<h3 data-start=\"733\" data-end=\"762\">\ud83d\udccc Specyfikacja produktu:<\/h3>\n<ul data-start=\"763\" data-end=\"896\">\n<li data-start=\"763\" data-end=\"789\">\n<p data-start=\"765\" data-end=\"789\">Liczba element\u00f3w: <strong data-start=\"783\" data-end=\"789\">70<\/strong><\/p>\n<\/li>\n<li data-start=\"763\" data-end=\"789\">\n<ul data-start=\"763\" data-end=\"896\">\n<li data-start=\"790\" data-end=\"827\">\n<p data-start=\"792\" data-end=\"827\">Wymiary po u\u0142o\u017ceniu: <strong data-start=\"813\" data-end=\"827\">28 \u00d7 19 cm<\/strong><\/p>\n<\/li>\n<li data-start=\"828\" data-end=\"857\">\n<p data-start=\"830\" data-end=\"857\">Pude\u0142ko w zestawie: <strong data-start=\"850\" data-end=\"857\">tak<\/strong><\/p>\n<\/li>\n<li data-start=\"858\" data-end=\"896\">\n<p data-start=\"860\" data-end=\"896\">Forma wysy\u0142ki pude\u0142ka: <strong data-start=\"883\" data-end=\"896\">roz\u0142o\u017cone<\/strong><\/p>\n<\/li>\n<\/ul>\n<p data-start=\"898\" data-end=\"976\">Puzzle to \u015bwietny pomys\u0142 na prezent, upominek lub wsp\u00f3lne sp\u0119dzenie czasu \ud83c\udf81<\/p>\n<\/li>\n<\/ul>\n","protected":false},"featured_media":254,"comment_status":"open","ping_status":"closed","template":"","meta":{"saved_in_kubio":false,"_kadence_starter_templates_imported_post":false},"product_brand":[],"product_cat":[24],"product_tag":[],"class_list":{"0":"post-255","1":"product","2":"type-product","3":"status-publish","4":"has-post-thumbnail","6":"product_cat-puzzle","8":"first","9":"instock","10":"shipping-taxable","11":"purchasable","12":"product-type-simple"},"jetpack_sharing_enabled":true,"_links":{"self":[{"href":"https:\/\/upominkowo.org\/index.php?rest_route=\/wp\/v2\/product\/255","targetHints":{"allow":["GET"]}}],"collection":[{"href":"https:\/\/upominkowo.org\/index.php?rest_route=\/wp\/v2\/product"}],"about":[{"href":"https:\/\/upominkowo.org\/index.php?rest_route=\/wp\/v2\/types\/product"}],"replies":[{"embeddable":true,"href":"https:\/\/upominkowo.org\/index.php?rest_route=%2Fwp%2Fv2%2Fcomments&post=255"}],"version-history":[{"count":2,"href":"https:\/\/upominkowo.org\/index.php?rest_route=\/wp\/v2\/product\/255\/revisions"}],"predecessor-version":[{"id":259,"href":"https:\/\/upominkowo.org\/index.php?rest_route=\/wp\/v2\/product\/255\/revisions\/259"}],"wp:featuredmedia":[{"embeddable":true,"href":"https:\/\/upominkowo.org\/index.php?rest_route=\/wp\/v2\/media\/254"}],"wp:attachment":[{"href":"https:\/\/upominkowo.org\/index.php?rest_route=%2Fwp%2Fv2%2Fmedia&parent=255"}],"wp:term":[{"taxonomy":"product_brand","embeddable":true,"href":"https:\/\/upominkowo.org\/index.php?rest_route=%2Fwp%2Fv2%2Fproduct_brand&post=255"},{"taxonomy":"product_cat","embeddable":true,"href":"https:\/\/upominkowo.org\/index.php?rest_route=%2Fwp%2Fv2%2Fproduct_cat&post=255"},{"taxonomy":"product_tag","embeddable":true,"href":"https:\/\/upominkowo.org\/index.php?rest_route=%2Fwp%2Fv2%2Fproduct_tag&post=255"}],"curies":[{"name":"wp","href":"https:\/\/api.w.org\/{rel}","templated":true}]}}