{"id":1775,"date":"2026-02-15T19:24:34","date_gmt":"2026-02-15T19:24:34","guid":{"rendered":"https:\/\/upominkowo.org\/?post_type=product&#038;p=1775"},"modified":"2026-02-20T04:35:31","modified_gmt":"2026-02-20T04:35:31","slug":"poduszka-dla-wedkarza-smieszny-nadruk","status":"publish","type":"product","link":"https:\/\/upominkowo.org\/?product=poduszka-dla-wedkarza-smieszny-nadruk","title":{"rendered":"Poduszka dla W\u0119dkarza \u015bmieszny nadruk"},"content":{"rendered":"","protected":false},"excerpt":{"rendered":"<div class=\"woocommerce-product-details__short-description\">\n<div class=\"woocommerce-product-details__short-description\">\n<div class=\"woocommerce-product-details__short-description\">\n<div class=\"woocommerce-product-details__short-description\">\n<p class=\"isSelectedEnd\"><strong>Poduszka typu ma\u0142y Jasiek (30 \u00d7 30 cm)<\/strong><\/p>\n<p class=\"isSelectedEnd\">Urocza foto poduszka typu ma\u0142y Jasiek to idealny dodatek do ka\u017cdego wn\u0119trza oraz \u015bwietny pomys\u0142 na prezent. Wykonana z dba\u0142o\u015bci\u0105 o detale, \u0142\u0105czy estetyk\u0119 z komfortem u\u017cytkowania.<\/p>\n<p class=\"isSelectedEnd\">Poduszka posiada <strong>trwa\u0142y, wysokiej jako\u015bci nadruk<\/strong>, kt\u00f3ry zachowuje intensywne kolory nawet przy d\u0142ugotrwa\u0142ym u\u017cytkowaniu. Wewn\u0105trz znajduje si\u0119 <strong>mi\u0119ciutki i spr\u0119\u017cysty wk\u0142ad<\/strong>, zapewniaj\u0105cy wygod\u0119 podczas odpoczynku, snu lub przytulania.<\/p>\n<p class=\"isSelectedEnd\"><strong>Specyfikacja produktu:<\/strong><\/p>\n<ul data-spread=\"false\">\n<li>\n<p class=\"isSelectedEnd\">typ: foto poduszka \u201ema\u0142y Jasiek\u201d<\/p>\n<\/li>\n<li>\n<p class=\"isSelectedEnd\">wymiary: <strong>30 \u00d7 30 cm<\/strong><\/p>\n<\/li>\n<li>\n<p class=\"isSelectedEnd\">trwa\u0142y nadruk wysokiej jako\u015bci<\/p>\n<\/li>\n<li>\n<p class=\"isSelectedEnd\">mi\u0119kki, komfortowy wk\u0142ad<\/p>\n<\/li>\n<\/ul>\n<p>Idealna do salonu, sypialni, pokoju dziecka lub jako personalizowany upominek na ka\u017cd\u0105 okazj\u0119.<\/p>\n<\/div>\n<\/div>\n<\/div>\n<\/div>\n","protected":false},"featured_media":1784,"comment_status":"open","ping_status":"closed","template":"","meta":{"saved_in_kubio":false,"_kadence_starter_templates_imported_post":false},"product_brand":[],"product_cat":[29],"product_tag":[],"class_list":{"0":"post-1775","1":"product","2":"type-product","3":"status-publish","4":"has-post-thumbnail","6":"product_cat-poduszki","8":"first","9":"instock","10":"shipping-taxable","11":"purchasable","12":"product-type-simple"},"jetpack_sharing_enabled":true,"_links":{"self":[{"href":"https:\/\/upominkowo.org\/index.php?rest_route=\/wp\/v2\/product\/1775","targetHints":{"allow":["GET"]}}],"collection":[{"href":"https:\/\/upominkowo.org\/index.php?rest_route=\/wp\/v2\/product"}],"about":[{"href":"https:\/\/upominkowo.org\/index.php?rest_route=\/wp\/v2\/types\/product"}],"replies":[{"embeddable":true,"href":"https:\/\/upominkowo.org\/index.php?rest_route=%2Fwp%2Fv2%2Fcomments&post=1775"}],"version-history":[{"count":1,"href":"https:\/\/upominkowo.org\/index.php?rest_route=\/wp\/v2\/product\/1775\/revisions"}],"predecessor-version":[{"id":1777,"href":"https:\/\/upominkowo.org\/index.php?rest_route=\/wp\/v2\/product\/1775\/revisions\/1777"}],"wp:featuredmedia":[{"embeddable":true,"href":"https:\/\/upominkowo.org\/index.php?rest_route=\/wp\/v2\/media\/1784"}],"wp:attachment":[{"href":"https:\/\/upominkowo.org\/index.php?rest_route=%2Fwp%2Fv2%2Fmedia&parent=1775"}],"wp:term":[{"taxonomy":"product_brand","embeddable":true,"href":"https:\/\/upominkowo.org\/index.php?rest_route=%2Fwp%2Fv2%2Fproduct_brand&post=1775"},{"taxonomy":"product_cat","embeddable":true,"href":"https:\/\/upominkowo.org\/index.php?rest_route=%2Fwp%2Fv2%2Fproduct_cat&post=1775"},{"taxonomy":"product_tag","embeddable":true,"href":"https:\/\/upominkowo.org\/index.php?rest_route=%2Fwp%2Fv2%2Fproduct_tag&post=1775"}],"curies":[{"name":"wp","href":"https:\/\/api.w.org\/{rel}","templated":true}]}}