{"id":1602,"date":"2026-02-08T06:36:17","date_gmt":"2026-02-08T06:36:17","guid":{"rendered":"https:\/\/upominkowo.org\/?post_type=product&#038;p=1602"},"modified":"2026-02-20T04:35:31","modified_gmt":"2026-02-20T04:35:31","slug":"poduszka-personalizowana-30x30-cm-twoj-wzor-zdjecie-napis-prezent","status":"publish","type":"product","link":"https:\/\/upominkowo.org\/?product=poduszka-personalizowana-30x30-cm-twoj-wzor-zdjecie-napis-prezent","title":{"rendered":"Poduszka personalizowana 30\u00d730 cm Tw\u00f3j wz\u00f3r | zdj\u0119cie, napis, prezent"},"content":{"rendered":"","protected":false},"excerpt":{"rendered":"<p>Stw\u00f3rz w\u0142asny, niepowtarzalny projekt i ciesz si\u0119 poduszk\u0105 dopasowan\u0105 do Twojego stylu.<\/p>\n<p><strong>Przy\u015blij nam zdj\u0119cie my zajmiemy si\u0119 reszt\u0105.<\/strong><\/p>\n<p>Stw\u00f3rz poduszk\u0119, kt\u00f3ra opowiada Twoj\u0105 histori\u0119.<br data-start=\"893\" data-end=\"896\" \/>W\u0142asne zdj\u0119cie, bajkowa grafika lub napis zamieni\u0105 zwyk\u0142y dodatek w wyj\u0105tkow\u0105 pami\u0105tk\u0119. Mi\u0119kka, stylowa i wykonana z dba\u0142o\u015bci\u0105 o ka\u017cdy detal \u2013 idealna na prezent dla bliskiej osoby lub do Twojego wn\u0119trza.<\/p>\n<p class=\"isSelectedEnd\">Urocza foto poduszka typu ma\u0142y Jasiek to idealny dodatek do ka\u017cdego wn\u0119trza oraz \u015bwietny pomys\u0142 na prezent. Wykonana z dba\u0142o\u015bci\u0105 o detale, \u0142\u0105czy estetyk\u0119 z komfortem u\u017cytkowania.<\/p>\n<p class=\"isSelectedEnd\">Poduszka posiada <strong>trwa\u0142y, wysokiej jako\u015bci nadruk<\/strong>, kt\u00f3ry zachowuje intensywne kolory nawet przy d\u0142ugotrwa\u0142ym u\u017cytkowaniu. Wewn\u0105trz znajduje si\u0119 <strong>mi\u0119ciutki i spr\u0119\u017cysty wk\u0142ad<\/strong>, zapewniaj\u0105cy wygod\u0119 podczas odpoczynku, snu lub przytulania.<\/p>\n<p class=\"isSelectedEnd\"><strong>Specyfikacja produktu:<\/strong><\/p>\n<ul data-spread=\"false\">\n<li>\n<p class=\"isSelectedEnd\">typ: foto poduszka \u201ema\u0142y Jasiek\u201d<\/p>\n<\/li>\n<li>\n<p class=\"isSelectedEnd\">wymiary: <strong>30 \u00d7 30 cm<\/strong><\/p>\n<\/li>\n<li>\n<p class=\"isSelectedEnd\">trwa\u0142y nadruk wysokiej jako\u015bci<\/p>\n<\/li>\n<li>\n<p class=\"isSelectedEnd\">mi\u0119kki, komfortowy wk\u0142ad<\/p>\n<\/li>\n<\/ul>\n<p>Idealna do salonu, sypialni, pokoju dziecka lub jako personalizowany upominek na ka\u017cd\u0105 okazj\u0119.<\/p>\n","protected":false},"featured_media":1604,"comment_status":"open","ping_status":"closed","template":"","meta":{"saved_in_kubio":false,"_kadence_starter_templates_imported_post":false},"product_brand":[],"product_cat":[29,32],"product_tag":[],"class_list":{"0":"post-1602","1":"product","2":"type-product","3":"status-publish","4":"has-post-thumbnail","6":"product_cat-poduszki","7":"product_cat-z-twoim-nadrukiem","9":"first","10":"instock","11":"shipping-taxable","12":"purchasable","13":"product-type-simple"},"jetpack_sharing_enabled":true,"_links":{"self":[{"href":"https:\/\/upominkowo.org\/index.php?rest_route=\/wp\/v2\/product\/1602","targetHints":{"allow":["GET"]}}],"collection":[{"href":"https:\/\/upominkowo.org\/index.php?rest_route=\/wp\/v2\/product"}],"about":[{"href":"https:\/\/upominkowo.org\/index.php?rest_route=\/wp\/v2\/types\/product"}],"replies":[{"embeddable":true,"href":"https:\/\/upominkowo.org\/index.php?rest_route=%2Fwp%2Fv2%2Fcomments&post=1602"}],"version-history":[{"count":1,"href":"https:\/\/upominkowo.org\/index.php?rest_route=\/wp\/v2\/product\/1602\/revisions"}],"predecessor-version":[{"id":1605,"href":"https:\/\/upominkowo.org\/index.php?rest_route=\/wp\/v2\/product\/1602\/revisions\/1605"}],"wp:featuredmedia":[{"embeddable":true,"href":"https:\/\/upominkowo.org\/index.php?rest_route=\/wp\/v2\/media\/1604"}],"wp:attachment":[{"href":"https:\/\/upominkowo.org\/index.php?rest_route=%2Fwp%2Fv2%2Fmedia&parent=1602"}],"wp:term":[{"taxonomy":"product_brand","embeddable":true,"href":"https:\/\/upominkowo.org\/index.php?rest_route=%2Fwp%2Fv2%2Fproduct_brand&post=1602"},{"taxonomy":"product_cat","embeddable":true,"href":"https:\/\/upominkowo.org\/index.php?rest_route=%2Fwp%2Fv2%2Fproduct_cat&post=1602"},{"taxonomy":"product_tag","embeddable":true,"href":"https:\/\/upominkowo.org\/index.php?rest_route=%2Fwp%2Fv2%2Fproduct_tag&post=1602"}],"curies":[{"name":"wp","href":"https:\/\/api.w.org\/{rel}","templated":true}]}}