{"id":1373,"date":"2026-02-01T09:50:43","date_gmt":"2026-02-01T09:50:43","guid":{"rendered":"https:\/\/upominkowo.org\/?post_type=product&#038;p=1373"},"modified":"2026-02-20T04:39:14","modified_gmt":"2026-02-20T04:39:14","slug":"puzzle-96-el-nyska-nysa-kultowy-samochod","status":"publish","type":"product","link":"https:\/\/upominkowo.org\/?product=puzzle-96-el-nyska-nysa-kultowy-samochod","title":{"rendered":"Puzzle 96 el. Nyska Nysa \u2013 kultowy samoch\u00f3d"},"content":{"rendered":"","protected":false},"excerpt":{"rendered":"<div class=\"woocommerce-product-details__short-description\">\n<div class=\"mpof_ki myre_zn myre_8v_l m389_6m_l\">\n<div class=\"mp4t_16_s mryx_16_s mr3m_1 mli2_1 mh85_56 mh85_0_l\">\n<div class=\"mgn2_16 _0d3bd_am0a-\">\n<p><b><img decoding=\"async\" class=\"emoji\" role=\"img\" draggable=\"false\" src=\"https:\/\/s.w.org\/images\/core\/emoji\/17.0.2\/svg\/1f9e9.svg\" alt=\"\ud83e\udde9\" \/> Puzzle 96 element\u00f3w \u2013 idealne na prezent<\/b><\/p>\n<p>Oferujemy puzzle sk\u0142adaj\u0105ce si\u0119 z 96 element\u00f3w, kt\u00f3re po u\u0142o\u017ceniu tworz\u0105 estetyczny obraz o wymiarach 28 \u00d7 19 cm. To doskona\u0142y wyb\u00f3r zar\u00f3wno dla dzieci, jak i doros\u0142ych \u2013 \u015bwietna forma relaksu i zabawy.<\/p>\n<p>W zestawie znajduje si\u0119 dedykowane pude\u0142ko, kt\u00f3re u\u0142atwia przechowywanie puzzli oraz sprawia, \u017ce produkt idealnie nadaje si\u0119 na prezent.<\/p>\n<p><img decoding=\"async\" class=\"emoji\" role=\"img\" draggable=\"false\" src=\"https:\/\/s.w.org\/images\/core\/emoji\/17.0.2\/svg\/1f4e6.svg\" alt=\"\ud83d\udce6\" \/> Wa\u017cne informacje o opakowaniu:<\/p>\n<ul>\n<li>Pude\u0142ko wysy\u0142ane jest w formie roz\u0142o\u017conej<\/li>\n<li>Bardzo \u0142atwe do z\u0142o\u017cenia<\/li>\n<li>Nie wymaga klejenia ani dodatkowych narz\u0119dzi<\/li>\n<\/ul>\n<p><b><img decoding=\"async\" class=\"emoji\" role=\"img\" draggable=\"false\" src=\"https:\/\/s.w.org\/images\/core\/emoji\/17.0.2\/svg\/1f4cc.svg\" alt=\"\ud83d\udccc\" \/> Specyfikacja produktu:<\/b><\/p>\n<ul>\n<li>Liczba element\u00f3w: 96<\/li>\n<li>Wymiary po u\u0142o\u017ceniu: 28 \u00d7 19 cm<\/li>\n<li>Pude\u0142ko w zestawie: tak<\/li>\n<li>Forma wysy\u0142ki pude\u0142ka: roz\u0142o\u017cone<\/li>\n<\/ul>\n<p>Puzzle to \u015bwietny pomys\u0142 na prezent, upominek lub wsp\u00f3lne sp\u0119dzenie czasu <img decoding=\"async\" class=\"emoji\" role=\"img\" draggable=\"false\" src=\"https:\/\/s.w.org\/images\/core\/emoji\/17.0.2\/svg\/1f381.svg\" alt=\"\ud83c\udf81\" \/><\/p>\n<\/div>\n<\/div>\n<\/div>\n<\/div>\n","protected":false},"featured_media":1375,"comment_status":"open","ping_status":"closed","template":"","meta":{"saved_in_kubio":false,"_kadence_starter_templates_imported_post":false},"product_brand":[],"product_cat":[24],"product_tag":[],"class_list":{"0":"post-1373","1":"product","2":"type-product","3":"status-publish","4":"has-post-thumbnail","6":"product_cat-puzzle","8":"first","9":"instock","10":"shipping-taxable","11":"purchasable","12":"product-type-simple"},"jetpack_sharing_enabled":true,"_links":{"self":[{"href":"https:\/\/upominkowo.org\/index.php?rest_route=\/wp\/v2\/product\/1373","targetHints":{"allow":["GET"]}}],"collection":[{"href":"https:\/\/upominkowo.org\/index.php?rest_route=\/wp\/v2\/product"}],"about":[{"href":"https:\/\/upominkowo.org\/index.php?rest_route=\/wp\/v2\/types\/product"}],"replies":[{"embeddable":true,"href":"https:\/\/upominkowo.org\/index.php?rest_route=%2Fwp%2Fv2%2Fcomments&post=1373"}],"version-history":[{"count":1,"href":"https:\/\/upominkowo.org\/index.php?rest_route=\/wp\/v2\/product\/1373\/revisions"}],"predecessor-version":[{"id":1376,"href":"https:\/\/upominkowo.org\/index.php?rest_route=\/wp\/v2\/product\/1373\/revisions\/1376"}],"wp:featuredmedia":[{"embeddable":true,"href":"https:\/\/upominkowo.org\/index.php?rest_route=\/wp\/v2\/media\/1375"}],"wp:attachment":[{"href":"https:\/\/upominkowo.org\/index.php?rest_route=%2Fwp%2Fv2%2Fmedia&parent=1373"}],"wp:term":[{"taxonomy":"product_brand","embeddable":true,"href":"https:\/\/upominkowo.org\/index.php?rest_route=%2Fwp%2Fv2%2Fproduct_brand&post=1373"},{"taxonomy":"product_cat","embeddable":true,"href":"https:\/\/upominkowo.org\/index.php?rest_route=%2Fwp%2Fv2%2Fproduct_cat&post=1373"},{"taxonomy":"product_tag","embeddable":true,"href":"https:\/\/upominkowo.org\/index.php?rest_route=%2Fwp%2Fv2%2Fproduct_tag&post=1373"}],"curies":[{"name":"wp","href":"https:\/\/api.w.org\/{rel}","templated":true}]}}