{"id":1322,"date":"2026-02-01T09:27:58","date_gmt":"2026-02-01T09:27:58","guid":{"rendered":"https:\/\/upominkowo.org\/?post_type=product&#038;p=1322"},"modified":"2026-02-20T04:34:26","modified_gmt":"2026-02-20T04:34:26","slug":"podkladka-pod-myszke-fiat-125p","status":"publish","type":"product","link":"https:\/\/upominkowo.org\/?product=podkladka-pod-myszke-fiat-125p","title":{"rendered":"Podk\u0142adka pod myszk\u0119 Fiat 125p"},"content":{"rendered":"","protected":false},"excerpt":{"rendered":"<h3 data-start=\"183\" data-end=\"255\"><img decoding=\"async\" class=\"emoji\" role=\"img\" draggable=\"false\" src=\"https:\/\/s.w.org\/images\/core\/emoji\/17.0.2\/svg\/1f5b1.svg\" alt=\"\ud83d\uddb1\ufe0f\" \/> Podk\u0142adka pod myszk\u0119 22 \u00d7 18 cm \u2013 komfort i precyzja na co dzie\u0144<\/h3>\n<p data-start=\"257\" data-end=\"440\">Funkcjonalna i estetyczna <strong data-start=\"283\" data-end=\"307\">podk\u0142adka pod myszk\u0119<\/strong>, idealna do pracy biurowej, nauki oraz codziennego u\u017cytkowania przy komputerze. Zapewnia p\u0142ynny ruch myszy i zwi\u0119ksza komfort pracy.<\/p>\n<h4 data-start=\"442\" data-end=\"469\"><img decoding=\"async\" class=\"emoji\" role=\"img\" draggable=\"false\" src=\"https:\/\/s.w.org\/images\/core\/emoji\/17.0.2\/svg\/2705.svg\" alt=\"\u2705\" \/> Najwa\u017cniejsze cechy:<\/h4>\n<ul data-start=\"470\" data-end=\"691\">\n<li data-start=\"470\" data-end=\"497\">\n<p data-start=\"472\" data-end=\"497\"><strong data-start=\"472\" data-end=\"484\">Wymiary:<\/strong> 22 \u00d7 18 cm<\/p>\n<\/li>\n<li data-start=\"498\" data-end=\"550\">\n<p data-start=\"500\" data-end=\"550\"><strong data-start=\"500\" data-end=\"523\">Uniwersalny rozmiar<\/strong> \u2013 pasuje na ka\u017cde biurko<\/p>\n<\/li>\n<li data-start=\"551\" data-end=\"613\">\n<p data-start=\"553\" data-end=\"613\"><strong data-start=\"553\" data-end=\"587\">Poprawia precyzj\u0119 ruch\u00f3w myszy<\/strong> (optycznej i laserowej)<\/p>\n<\/li>\n<li data-start=\"614\" data-end=\"654\">\n<p data-start=\"616\" data-end=\"654\"><strong data-start=\"616\" data-end=\"652\">Stabilna i wygodna w u\u017cytkowaniu<\/strong><\/p>\n<\/li>\n<li data-start=\"655\" data-end=\"691\">\n<p data-start=\"657\" data-end=\"691\">Idealna do <strong data-start=\"668\" data-end=\"691\">domu, biura, szko\u0142y<\/strong><\/p>\n<\/li>\n<\/ul>\n<p data-start=\"693\" data-end=\"893\">Podk\u0142adka sprawdzi si\u0119 zar\u00f3wno przy pracy, jak i rozrywce. Jej kompaktowy rozmiar pozwala zachowa\u0107 porz\u0105dek na biurku, a jednocze\u015bnie zapewnia wystarczaj\u0105c\u0105 przestrze\u0144 do swobodnego operowania myszk\u0105.<\/p>\n<p data-start=\"895\" data-end=\"959\"><img decoding=\"async\" class=\"emoji\" role=\"img\" draggable=\"false\" src=\"https:\/\/s.w.org\/images\/core\/emoji\/17.0.2\/svg\/1f3af.svg\" alt=\"\ud83c\udfaf\" \/> <strong data-start=\"898\" data-end=\"959\">\u015awietny wyb\u00f3r dla os\u00f3b ceni\u0105cych wygod\u0119 i funkcjonalno\u015b\u0107.<\/strong><\/p>\n","protected":false},"featured_media":1324,"comment_status":"open","ping_status":"closed","template":"","meta":{"saved_in_kubio":false,"_kadence_starter_templates_imported_post":false},"product_brand":[],"product_cat":[27],"product_tag":[],"class_list":{"0":"post-1322","1":"product","2":"type-product","3":"status-publish","4":"has-post-thumbnail","6":"product_cat-podkladka-pod-myszke","8":"first","9":"instock","10":"shipping-taxable","11":"purchasable","12":"product-type-simple"},"jetpack_sharing_enabled":true,"_links":{"self":[{"href":"https:\/\/upominkowo.org\/index.php?rest_route=\/wp\/v2\/product\/1322","targetHints":{"allow":["GET"]}}],"collection":[{"href":"https:\/\/upominkowo.org\/index.php?rest_route=\/wp\/v2\/product"}],"about":[{"href":"https:\/\/upominkowo.org\/index.php?rest_route=\/wp\/v2\/types\/product"}],"replies":[{"embeddable":true,"href":"https:\/\/upominkowo.org\/index.php?rest_route=%2Fwp%2Fv2%2Fcomments&post=1322"}],"version-history":[{"count":2,"href":"https:\/\/upominkowo.org\/index.php?rest_route=\/wp\/v2\/product\/1322\/revisions"}],"predecessor-version":[{"id":1326,"href":"https:\/\/upominkowo.org\/index.php?rest_route=\/wp\/v2\/product\/1322\/revisions\/1326"}],"wp:featuredmedia":[{"embeddable":true,"href":"https:\/\/upominkowo.org\/index.php?rest_route=\/wp\/v2\/media\/1324"}],"wp:attachment":[{"href":"https:\/\/upominkowo.org\/index.php?rest_route=%2Fwp%2Fv2%2Fmedia&parent=1322"}],"wp:term":[{"taxonomy":"product_brand","embeddable":true,"href":"https:\/\/upominkowo.org\/index.php?rest_route=%2Fwp%2Fv2%2Fproduct_brand&post=1322"},{"taxonomy":"product_cat","embeddable":true,"href":"https:\/\/upominkowo.org\/index.php?rest_route=%2Fwp%2Fv2%2Fproduct_cat&post=1322"},{"taxonomy":"product_tag","embeddable":true,"href":"https:\/\/upominkowo.org\/index.php?rest_route=%2Fwp%2Fv2%2Fproduct_tag&post=1322"}],"curies":[{"name":"wp","href":"https:\/\/api.w.org\/{rel}","templated":true}]}}