{"id":1153,"date":"2026-01-26T04:56:19","date_gmt":"2026-01-26T04:56:19","guid":{"rendered":"https:\/\/upominkowo.org\/?post_type=product&#038;p=1153"},"modified":"2026-02-20T04:30:25","modified_gmt":"2026-02-20T04:30:25","slug":"kubek-fiat-125p-duzy-fiat-klasyk-prl","status":"publish","type":"product","link":"https:\/\/upominkowo.org\/?product=kubek-fiat-125p-duzy-fiat-klasyk-prl","title":{"rendered":"Kubek Fiat 125p Du\u017cy Fiat Klasyk PRL"},"content":{"rendered":"","protected":false},"excerpt":{"rendered":"<div class=\"woocommerce-product-details__short-description\">\n<p data-start=\"101\" data-end=\"355\">Na zdj\u0119ciach zaprezentowany jest <strong data-start=\"787\" data-end=\"825\">jeden kubek pokazany z dw\u00f3ch stron<\/strong>, aby dok\u0142adnie zobrazowa\u0107 wygl\u0105d nadruku.<\/p>\n<p data-start=\"101\" data-end=\"355\">Ten stylowy kubek to doskona\u0142y pomys\u0142 na <strong data-start=\"142\" data-end=\"172\">prezent dla fana lub fanki<\/strong>, a tak\u017ce \u015bwietny <strong data-start=\"190\" data-end=\"210\">gad\u017cet reklamowy<\/strong>, kt\u00f3ry przyci\u0105ga uwag\u0119 i zostaje z u\u017cytkownikiem na d\u0142ugo. Idealny do porannej kawy, herbaty czy jako wyj\u0105tkowy element codziennych rytua\u0142\u00f3w <img decoding=\"async\" class=\"emoji\" role=\"img\" draggable=\"false\" src=\"https:\/\/s.w.org\/images\/core\/emoji\/17.0.2\/svg\/2615.svg\" alt=\"\u2615\" \/><\/p>\n<p data-start=\"357\" data-end=\"575\">Kubek o pojemno\u015bci <strong data-start=\"376\" data-end=\"386\">330 ml<\/strong> ma klasyczny, wygodny kszta\u0142t (wysoko\u015b\u0107 <strong data-start=\"427\" data-end=\"437\">9,5 cm<\/strong>, \u015brednica <strong data-start=\"448\" data-end=\"456\">8 cm<\/strong>), dzi\u0119ki czemu doskonale le\u017cy w d\u0142oni. Du\u017ca powierzchnia nadruku (<strong data-start=\"523\" data-end=\"536\">20 \u00d7 9 cm<\/strong>) pozwala w pe\u0142ni wyeksponowa\u0107 grafik\u0119.<\/p>\n<p data-start=\"577\" data-end=\"754\"><img decoding=\"async\" class=\"emoji\" role=\"img\" draggable=\"false\" src=\"https:\/\/s.w.org\/images\/core\/emoji\/17.0.2\/svg\/1f449.svg\" alt=\"\ud83d\udc49\" \/> <strong data-start=\"580\" data-end=\"605\">Personalizacja GRATIS<\/strong> \u2013 bez \u017cadnej dop\u0142aty mo\u017cemy umie\u015bci\u0107 na kubku <strong data-start=\"652\" data-end=\"675\">imi\u0119 fana lub fanki<\/strong>, co sprawia, \u017ce produkt staje si\u0119 naprawd\u0119 wyj\u0105tkowy i jedyny w swoim rodzaju.<\/p>\n<p data-start=\"869\" data-end=\"943\">Nadruk wykonujemy nowoczesn\u0105 technik\u0105 <strong data-start=\"907\" data-end=\"926\">TERMOSUBLIMACJI<\/strong>, kt\u00f3ra zapewnia:<\/p>\n<ul data-start=\"944\" data-end=\"1047\">\n<li data-start=\"944\" data-end=\"974\">\n<p data-start=\"946\" data-end=\"974\">fotograficzn\u0105 jako\u015b\u0107 druku<\/p>\n<\/li>\n<li data-start=\"975\" data-end=\"1002\">\n<p data-start=\"977\" data-end=\"1002\">\u017cywe, intensywne kolory<\/p>\n<\/li>\n<li data-start=\"1003\" data-end=\"1047\">\n<p data-start=\"1005\" data-end=\"1047\">wysok\u0105 trwa\u0142o\u015b\u0107 i odporno\u015b\u0107 na \u015bcieranie<\/p>\n<\/li>\n<\/ul>\n<p data-start=\"1049\" data-end=\"1287\">Proces odbywa si\u0119 w <strong data-start=\"1069\" data-end=\"1117\">wysokiej temperaturze i pod du\u017cym ci\u015bnieniem<\/strong>, dzi\u0119ki czemu tusz <strong data-start=\"1137\" data-end=\"1175\">trwale wnika w struktur\u0119 porcelany<\/strong>. Nadruk jest <strong data-start=\"1189\" data-end=\"1217\">niewyczuwalny pod palcem<\/strong>, g\u0142adki i <strong data-start=\"1228\" data-end=\"1250\">pi\u0119knie b\u0142yszcz\u0105cy<\/strong>, co nadaje kubkowi elegancki wygl\u0105d.<\/p>\n<\/div>\n","protected":false},"featured_media":1156,"comment_status":"open","ping_status":"closed","template":"","meta":{"saved_in_kubio":false,"_kadence_starter_templates_imported_post":false},"product_brand":[],"product_cat":[22],"product_tag":[],"class_list":{"0":"post-1153","1":"product","2":"type-product","3":"status-publish","4":"has-post-thumbnail","6":"product_cat-kubki","8":"first","9":"instock","10":"shipping-taxable","11":"purchasable","12":"product-type-simple"},"jetpack_sharing_enabled":true,"_links":{"self":[{"href":"https:\/\/upominkowo.org\/index.php?rest_route=\/wp\/v2\/product\/1153","targetHints":{"allow":["GET"]}}],"collection":[{"href":"https:\/\/upominkowo.org\/index.php?rest_route=\/wp\/v2\/product"}],"about":[{"href":"https:\/\/upominkowo.org\/index.php?rest_route=\/wp\/v2\/types\/product"}],"replies":[{"embeddable":true,"href":"https:\/\/upominkowo.org\/index.php?rest_route=%2Fwp%2Fv2%2Fcomments&post=1153"}],"version-history":[{"count":1,"href":"https:\/\/upominkowo.org\/index.php?rest_route=\/wp\/v2\/product\/1153\/revisions"}],"predecessor-version":[{"id":1157,"href":"https:\/\/upominkowo.org\/index.php?rest_route=\/wp\/v2\/product\/1153\/revisions\/1157"}],"wp:featuredmedia":[{"embeddable":true,"href":"https:\/\/upominkowo.org\/index.php?rest_route=\/wp\/v2\/media\/1156"}],"wp:attachment":[{"href":"https:\/\/upominkowo.org\/index.php?rest_route=%2Fwp%2Fv2%2Fmedia&parent=1153"}],"wp:term":[{"taxonomy":"product_brand","embeddable":true,"href":"https:\/\/upominkowo.org\/index.php?rest_route=%2Fwp%2Fv2%2Fproduct_brand&post=1153"},{"taxonomy":"product_cat","embeddable":true,"href":"https:\/\/upominkowo.org\/index.php?rest_route=%2Fwp%2Fv2%2Fproduct_cat&post=1153"},{"taxonomy":"product_tag","embeddable":true,"href":"https:\/\/upominkowo.org\/index.php?rest_route=%2Fwp%2Fv2%2Fproduct_tag&post=1153"}],"curies":[{"name":"wp","href":"https:\/\/api.w.org\/{rel}","templated":true}]}}